{"id":41,"date":"2026-02-12T12:01:18","date_gmt":"2026-02-12T15:01:18","guid":{"rendered":"https:\/\/smartcitiesbrazil.net\/?page_id=41"},"modified":"2026-03-03T17:57:14","modified_gmt":"2026-03-03T20:57:14","slug":"sobre-nos","status":"publish","type":"page","link":"https:\/\/smartcitiesbrazil.net\/en\/termos-de-uso\/sobre-nos\/","title":{"rendered":"About us"},"content":{"rendered":"<div data-elementor-type=\"wp-page\" data-elementor-id=\"41\" class=\"elementor elementor-41\" data-elementor-post-type=\"page\">\n\t\t\t\t<div class=\"elementor-element elementor-element-bb2127e e-flex e-con-boxed e-con e-parent\" data-id=\"bb2127e\" data-element_type=\"container\" data-e-type=\"container\">\n\t\t\t\t\t<div class=\"e-con-inner\">\n\t\t\t\t<div class=\"elementor-element elementor-element-b7b965e elementor-widget elementor-widget-image\" data-id=\"b7b965e\" data-element_type=\"widget\" data-e-type=\"widget\" data-widget_type=\"image.default\">\n\t\t\t\t\t\t\t\t\t\t\t\t\t\t\t<img fetchpriority=\"high\" decoding=\"async\" width=\"1200\" height=\"630\" src=\"https:\/\/smartcitiesbrazil.net\/wp-content\/uploads\/2026\/03\/Imagem-padrao-para-compartilhamento-social-2.png\" class=\"attachment-full size-full wp-image-500\" alt=\"\" srcset=\"https:\/\/smartcitiesbrazil.net\/wp-content\/uploads\/2026\/03\/Imagem-padrao-para-compartilhamento-social-2.png 1200w, https:\/\/smartcitiesbrazil.net\/wp-content\/uploads\/2026\/03\/Imagem-padrao-para-compartilhamento-social-2-300x158.png 300w, https:\/\/smartcitiesbrazil.net\/wp-content\/uploads\/2026\/03\/Imagem-padrao-para-compartilhamento-social-2-1024x538.png 1024w, https:\/\/smartcitiesbrazil.net\/wp-content\/uploads\/2026\/03\/Imagem-padrao-para-compartilhamento-social-2-768x403.png 768w\" sizes=\"(max-width: 1200px) 100vw, 1200px\" \/>\t\t\t\t\t\t\t\t\t\t\t\t\t\t\t<\/div>\n\t\t\t\t<div class=\"elementor-element elementor-element-5f36ee2 elementor-widget elementor-widget-heading\" data-id=\"5f36ee2\" data-element_type=\"widget\" data-e-type=\"widget\" data-widget_type=\"heading.default\">\n\t\t\t\t\t<h2 class=\"elementor-heading-title elementor-size-default\">ABOUT US<\/h2>\t\t\t\t<\/div>\n\t\t\t\t<div class=\"elementor-element elementor-element-b1b9694 elementor-widget-divider--view-line elementor-widget elementor-widget-divider\" data-id=\"b1b9694\" data-element_type=\"widget\" data-e-type=\"widget\" data-widget_type=\"divider.default\">\n\t\t\t\t\t\t\t<div class=\"elementor-divider\">\n\t\t\t<span class=\"elementor-divider-separator\">\n\t\t\t\t\t\t<\/span>\n\t\t<\/div>\n\t\t\t\t\t\t<\/div>\n\t\t\t\t<div class=\"elementor-element elementor-element-87e2551 elementor-widget elementor-widget-text-editor\" data-id=\"87e2551\" data-element_type=\"widget\" data-e-type=\"widget\" data-widget_type=\"text-editor.default\">\n\t\t\t\t\t\t\t\t\t<p>A S<strong>mart Cities Brazil<\/strong> \u00e9 um portal de conte\u00fado e comunica\u00e7\u00e3o dedicado \u00e0 transforma\u00e7\u00e3o das cidades brasileiras por meio da inova\u00e7\u00e3o, sustentabilidade e tecnologia.<\/p><p>Nossa miss\u00e3o \u00e9 informar, conectar e inspirar gestores p\u00fablicos, empresas, especialistas e cidad\u00e3os por meio de conte\u00fado qualificado sobre cidades inteligentes. Produzimos entrevistas exclusivas, reportagens, an\u00e1lises e cobertura de iniciativas que impulsionam a efici\u00eancia urbana, a qualidade de vida e o desenvolvimento sustent\u00e1vel.<\/p><p>Acreditamos que cidades mais inteligentes s\u00e3o constru\u00eddas com conhecimento compartilhado, boas pr\u00e1ticas e colabora\u00e7\u00e3o entre setores. Por isso, atuamos como uma plataforma de di\u00e1logo entre poder p\u00fablico, iniciativa privada e sociedade, destacando solu\u00e7\u00f5es reais e tend\u00eancias que moldam o futuro urbano.<\/p><p>Com olhar estrat\u00e9gico e linguagem acess\u00edvel, o Smart Cities Brazil contribui para ampliar o debate sobre inova\u00e7\u00e3o urbana no pa\u00eds e apoiar a evolu\u00e7\u00e3o das cidades brasileiras rumo a um futuro mais humano, conectado e sustent\u00e1vel.<\/p>\t\t\t\t\t\t\t\t<\/div>\n\t\t\t\t\t<\/div>\n\t\t\t\t<\/div>\n\t\t\t\t<\/div>","protected":false},"excerpt":{"rendered":"<p>SOBRE N\u00d3S A Smart Cities Brazil \u00e9 um portal de conte\u00fado e comunica\u00e7\u00e3o dedicado \u00e0 transforma\u00e7\u00e3o das cidades brasileiras por meio da inova\u00e7\u00e3o, sustentabilidade e tecnologia. Nossa miss\u00e3o \u00e9 informar, conectar e inspirar gestores p\u00fablicos, empresas, especialistas e cidad\u00e3os por meio de conte\u00fado qualificado sobre cidades inteligentes. Produzimos entrevistas exclusivas, reportagens, an\u00e1lises e cobertura de [&hellip;]<\/p>\n","protected":false},"author":1,"featured_media":0,"parent":46,"menu_order":0,"comment_status":"closed","ping_status":"closed","template":"","meta":{"footnotes":""},"class_list":["post-41","page","type-page","status-publish","hentry"],"_links":{"self":[{"href":"https:\/\/smartcitiesbrazil.net\/en\/wp-json\/wp\/v2\/pages\/41","targetHints":{"allow":["GET"]}}],"collection":[{"href":"https:\/\/smartcitiesbrazil.net\/en\/wp-json\/wp\/v2\/pages"}],"about":[{"href":"https:\/\/smartcitiesbrazil.net\/en\/wp-json\/wp\/v2\/types\/page"}],"author":[{"embeddable":true,"href":"https:\/\/smartcitiesbrazil.net\/en\/wp-json\/wp\/v2\/users\/1"}],"replies":[{"embeddable":true,"href":"https:\/\/smartcitiesbrazil.net\/en\/wp-json\/wp\/v2\/comments?post=41"}],"version-history":[{"count":10,"href":"https:\/\/smartcitiesbrazil.net\/en\/wp-json\/wp\/v2\/pages\/41\/revisions"}],"predecessor-version":[{"id":503,"href":"https:\/\/smartcitiesbrazil.net\/en\/wp-json\/wp\/v2\/pages\/41\/revisions\/503"}],"up":[{"embeddable":true,"href":"https:\/\/smartcitiesbrazil.net\/en\/wp-json\/wp\/v2\/pages\/46"}],"wp:attachment":[{"href":"https:\/\/smartcitiesbrazil.net\/en\/wp-json\/wp\/v2\/media?parent=41"}],"curies":[{"name":"wp","href":"https:\/\/api.w.org\/{rel}","templated":true}]}}